{"id":487,"date":"2020-01-08T21:46:08","date_gmt":"2020-01-08T18:46:08","guid":{"rendered":"http:\/\/zekpen.com\/?page_id=487"},"modified":"2020-01-11T19:11:27","modified_gmt":"2020-01-11T16:11:27","slug":"plise-sineklik","status":"publish","type":"page","link":"https:\/\/www.zekpen.com\/index.php\/hizmetlerimiz\/plise-sineklik","title":{"rendered":"Plise Sineklik"},"content":{"rendered":"<p>Yaz aylar\u0131 geldi\u011fi zaman \u00f6zellikle i\u00e7 mekan\u0131n hava almas\u0131 ve sirk\u00fclasyon ya\u015fanmas\u0131 i\u00e7in camlar a\u00e7\u0131k tutulur. Ancak sinek ve benzeri canl\u0131lar i\u00e7eriye h\u00fccum ederek alan\u0131 yo\u011fun \u015fekilde te\u015fkil ederler. \u00d6zellikle k\u0131sa s\u00fcrede \u00fcreme potansiyelleri insan sa\u011fl\u0131\u011f\u0131n\u0131 tehdit edici noktaya ula\u015fabilmektedir. Tabii yaz\u0131 aylar\u0131nda rahats\u0131z edici durum ortaya \u00e7\u0131karmas\u0131 da cabas\u0131. Bunun \u00f6n\u00fcne ge\u00e7ebilmek i\u00e7in ise <strong><a href=\"http:\/\/www.zekpen.com\/\" title=\"Plise Sineklik\">sineklik<\/a><\/strong> modelleri b\u00fcy\u00fck \u00f6neme sahiptir. Kaliteli tasar\u0131m\u0131yla \u00fcretimi ger\u00e7ekle\u015ftirilen plise sineklik tasar\u0131mlar\u0131 g\u00fcn\u00fcm\u00fczde en \u00e7ok kullan\u0131lan \u00fcr\u00fcn yap\u0131lar\u0131 aras\u0131nda yer almaktad\u0131r.<\/p>\n<p>Farkl\u0131 Nitelikler Sa\u011flayan \u00d6zel Tasar\u0131m <strong><a href=\"http:\/\/www.zekpen.com\/\" title=\"Plise Sineklik\">Plise<\/a><\/strong> Sineklikler<strong> <a href=\"http:\/\/www.zekpen.com\/\" title=\"Dar\u0131ca Plise Sineklik\">Dar\u0131ca<\/a> <a href=\"http:\/\/www.zekpen.com\/\" title=\"Gebze Plise Sineklik\">Gebze<\/a><\/strong> ve <strong><a href=\"http:\/\/www.zekpen.com\/\" title=\"Kocaeli Plise Sineklik \">Kocaeli<\/a><\/strong> B\u00f6lgesinde Profesyonel ekibimiz taraf\u0131ndan \u00fccretsiz montaj\u0131 yap\u0131lmaktad\u0131r.<\/p>\n<p>Farkl\u0131 mevsimlerde sinekleri d\u0131\u015far\u0131da tutma potansiyeli sa\u011flayan plise sineklik modelleri, ayn\u0131 zamanda dekoratif bir yap\u0131 sunuyor. \u00d6zellikle t\u00fcl tasar\u0131m\u0131 ile farkl\u0131 se\u00e7enek ve modeller olu\u015fturan bu sineklik, mekanlara zarif ve estetik bir g\u00f6r\u00fcnt\u00fc sa\u011flamaktad\u0131r. Dayan\u0131kl\u0131 malzeme yap\u0131s\u0131 ve t\u00fcl tasar\u0131m\u0131 ise her t\u00fcrl\u00fc sinek ile benzeri zararl\u0131lar\u0131 uzak tutmaktad\u0131r. Ayr\u0131ca di\u011fer \u00fcr\u00fcnlere g\u00f6re daha ekonomik bir yap\u0131 olu\u015fturdu\u011fundan dolay\u0131 bir ad\u0131m \u00f6ne \u00e7\u0131k\u0131yor. Kolay kuruluma ger\u00e7ekle\u015ftirilen tasar\u0131mlar b\u00fct\u00fcn y\u0131l boyunca farkl\u0131 mevsimlerde kullan\u0131labilmektedir.<\/p>\n<p>Model Yap\u0131lar\u0131yla Kaliteli Plise Sineklik<\/p>\n<p>G\u00fcn\u00fcm\u00fczde pek \u00e7ok insan taraf\u0131ndan tercih edilen <a href=\"http:\/\/www.zekpen.com\/\"><strong>plise sineklik<\/strong><\/a> modelleri, geni\u015f \u00fcr\u00fcn yelpazesiyle farkl\u0131 renkler aras\u0131ndan se\u00e7im \u015fans\u0131 vermektedir. \u00d6zellikle d\u0131\u015far\u0131 a\u00e7\u0131lan cam balkon ve pencereler i\u00e7in etkili \u00e7\u00f6z\u00fcm y\u00f6ntemleri sa\u011flamaktad\u0131r. Di\u011fer yandan pek \u00e7ok de\u011fi\u015fik alanda kullan\u0131m potansiyeli olu\u015fturan bu yap\u0131; al\u00fcminyum, perforje ve d\u0131\u015f do\u011frama ile beraber kullan\u0131m olana\u011f\u0131 tan\u0131maktad\u0131r. Kurumsal hizmet anlay\u0131\u015f\u0131m\u0131zla \u00f6zel tasar\u0131m alt\u0131nda haz\u0131rlad\u0131\u011f\u0131m\u0131z sineklik modelleri, kaliteli yap\u0131 alt\u0131nda hem g\u00fcvenli bir alan olu\u015fturuyor hem de g\u00f6rsel a\u00e7\u0131dan \u015f\u0131k bir tasar\u0131m sa\u011fl\u0131yor.<\/p>\n<p>\u00d6zel Tasar\u0131m ile Profesyonel Montaj E\u015fli\u011finde <strong><a href=\"http:\/\/www.zekpen.com\/\">Plise Sineklik<\/a><\/strong><\/p>\n<p>B\u00fct\u00fcn ile \u00f6zel tasar\u0131m alt\u0131nda \u00fcretimi ger\u00e7ekle\u015ftirilen plise sineklik modellerini firmam\u0131z b\u00fcnyesinde g\u00fcvenle elde edebilirsiniz. Ucu ak\u0131ll\u0131 vida \u00fczerinden uzman ve e\u011fitimli kadromuz en iyi \u015fekilde montaj i\u015flemi ger\u00e7ekle\u015ftirmektedir. Arzu etti\u011finiz takdirde y\u0131llar\u0131n getirdi\u011fi uzmanl\u0131k alan\u0131nda sizlere en iyi deste\u011fi sunmaktan memnuniyet duyar\u0131z. Ne zaman isterseniz bu \u00f6zel sineklik modelleri i\u00e7in bizimle irtibat kurabilirsiniz. Hem ev hem de i\u015f yerleri i\u00e7in de\u011fi\u015fik ebatlar\u0131 \u00fczerinden balkon ve pencereler ad\u0131na \u00f6zel yap\u0131 sunuyoruz.<\/p>\n","protected":false},"excerpt":{"rendered":"<p>Yaz aylar\u0131 geldi\u011fi zaman \u00f6zellikle i\u00e7 mekan\u0131n hava almas\u0131 ve sirk\u00fclasyon ya\u015fanmas\u0131 i\u00e7in camlar a\u00e7\u0131k tutulur. Ancak sinek ve benzeri canl\u0131lar i\u00e7eriye h\u00fccum ederek alan\u0131 yo\u011fun \u015fekilde te\u015fkil ederler. \u00d6zellikle k\u0131sa s\u00fcrede \u00fcreme potansiyelleri insan sa\u011fl\u0131\u011f\u0131n\u0131 tehdit edici noktaya ula\u015fabilmektedir. Tabii yaz\u0131 aylar\u0131nda rahats\u0131z edici durum ortaya \u00e7\u0131karmas\u0131 da cabas\u0131. Bunun \u00f6n\u00fcne ge\u00e7ebilmek i\u00e7in ise [&hellip;]<\/p>\n","protected":false},"author":1,"featured_media":0,"parent":452,"menu_order":0,"comment_status":"closed","ping_status":"closed","template":"","meta":{"ngg_post_thumbnail":0,"footnotes":""},"yoast_head":"<!-- This site is optimized with the Yoast SEO plugin v19.1 - https:\/\/yoast.com\/wordpress\/plugins\/seo\/ -->\r\n<title>Plise Sineklik - ZEKPEN Al\u00fcminyum Do\u011frama ve PVC Sistemleri<\/title>\r\n<meta name=\"robots\" content=\"index, follow, max-snippet:-1, max-image-preview:large, max-video-preview:-1\" \/>\r\n<link rel=\"canonical\" href=\"https:\/\/www.zekpen.com\/index.php\/hizmetlerimiz\/plise-sineklik\" \/>\r\n<meta property=\"og:locale\" content=\"tr_TR\" \/>\r\n<meta property=\"og:type\" content=\"article\" \/>\r\n<meta property=\"og:title\" content=\"Plise Sineklik - ZEKPEN Al\u00fcminyum Do\u011frama ve PVC Sistemleri\" \/>\r\n<meta property=\"og:description\" content=\"Yaz aylar\u0131 geldi\u011fi zaman \u00f6zellikle i\u00e7 mekan\u0131n hava almas\u0131 ve sirk\u00fclasyon ya\u015fanmas\u0131 i\u00e7in camlar a\u00e7\u0131k tutulur. Ancak sinek ve benzeri canl\u0131lar i\u00e7eriye h\u00fccum ederek alan\u0131 yo\u011fun \u015fekilde te\u015fkil ederler. \u00d6zellikle k\u0131sa s\u00fcrede \u00fcreme potansiyelleri insan sa\u011fl\u0131\u011f\u0131n\u0131 tehdit edici noktaya ula\u015fabilmektedir. Tabii yaz\u0131 aylar\u0131nda rahats\u0131z edici durum ortaya \u00e7\u0131karmas\u0131 da cabas\u0131. Bunun \u00f6n\u00fcne ge\u00e7ebilmek i\u00e7in ise [&hellip;]\" \/>\r\n<meta property=\"og:url\" content=\"https:\/\/www.zekpen.com\/index.php\/hizmetlerimiz\/plise-sineklik\" \/>\r\n<meta property=\"og:site_name\" content=\"ZEKPEN Al\u00fcminyum Do\u011frama ve PVC Sistemleri\" \/>\r\n<meta property=\"article:modified_time\" content=\"2020-01-11T16:11:27+00:00\" \/>\r\n<meta name=\"twitter:card\" content=\"summary_large_image\" \/>\r\n<meta name=\"twitter:label1\" content=\"Tahmini okuma s\u00fcresi\" \/>\n\t<meta name=\"twitter:data1\" content=\"2 dakika\" \/>\r\n<script type=\"application\/ld+json\" class=\"yoast-schema-graph\">{\"@context\":\"https:\/\/schema.org\",\"@graph\":[{\"@type\":\"WebSite\",\"@id\":\"https:\/\/www.zekpen.com\/#website\",\"url\":\"https:\/\/www.zekpen.com\/\",\"name\":\"ZEKPEN Al\u00fcminyum Do\u011frama ve PVC Sistemleri\",\"description\":\"gebze, dar\u0131ca, cam balkon, pimapen, al\u00fcminyum, pencere, plise, sineklik\",\"potentialAction\":[{\"@type\":\"SearchAction\",\"target\":{\"@type\":\"EntryPoint\",\"urlTemplate\":\"https:\/\/www.zekpen.com\/?s={search_term_string}\"},\"query-input\":\"required name=search_term_string\"}],\"inLanguage\":\"tr\"},{\"@type\":\"WebPage\",\"@id\":\"https:\/\/www.zekpen.com\/index.php\/hizmetlerimiz\/plise-sineklik#webpage\",\"url\":\"https:\/\/www.zekpen.com\/index.php\/hizmetlerimiz\/plise-sineklik\",\"name\":\"Plise Sineklik - ZEKPEN Al\u00fcminyum Do\u011frama ve PVC Sistemleri\",\"isPartOf\":{\"@id\":\"https:\/\/www.zekpen.com\/#website\"},\"datePublished\":\"2020-01-08T18:46:08+00:00\",\"dateModified\":\"2020-01-11T16:11:27+00:00\",\"breadcrumb\":{\"@id\":\"https:\/\/www.zekpen.com\/index.php\/hizmetlerimiz\/plise-sineklik#breadcrumb\"},\"inLanguage\":\"tr\",\"potentialAction\":[{\"@type\":\"ReadAction\",\"target\":[\"https:\/\/www.zekpen.com\/index.php\/hizmetlerimiz\/plise-sineklik\"]}]},{\"@type\":\"BreadcrumbList\",\"@id\":\"https:\/\/www.zekpen.com\/index.php\/hizmetlerimiz\/plise-sineklik#breadcrumb\",\"itemListElement\":[{\"@type\":\"ListItem\",\"position\":1,\"name\":\"Hizmetlerimiz\",\"item\":\"https:\/\/www.zekpen.com\/index.php\/hizmetlerimiz\"},{\"@type\":\"ListItem\",\"position\":2,\"name\":\"Plise Sineklik\"}]}]}<\/script>\r\n<!-- \/ Yoast SEO plugin. -->","yoast_head_json":{"title":"Plise Sineklik - ZEKPEN Al\u00fcminyum Do\u011frama ve PVC Sistemleri","robots":{"index":"index","follow":"follow","max-snippet":"max-snippet:-1","max-image-preview":"max-image-preview:large","max-video-preview":"max-video-preview:-1"},"canonical":"https:\/\/www.zekpen.com\/index.php\/hizmetlerimiz\/plise-sineklik","og_locale":"tr_TR","og_type":"article","og_title":"Plise Sineklik - ZEKPEN Al\u00fcminyum Do\u011frama ve PVC Sistemleri","og_description":"Yaz aylar\u0131 geldi\u011fi zaman \u00f6zellikle i\u00e7 mekan\u0131n hava almas\u0131 ve sirk\u00fclasyon ya\u015fanmas\u0131 i\u00e7in camlar a\u00e7\u0131k tutulur. Ancak sinek ve benzeri canl\u0131lar i\u00e7eriye h\u00fccum ederek alan\u0131 yo\u011fun \u015fekilde te\u015fkil ederler. \u00d6zellikle k\u0131sa s\u00fcrede \u00fcreme potansiyelleri insan sa\u011fl\u0131\u011f\u0131n\u0131 tehdit edici noktaya ula\u015fabilmektedir. Tabii yaz\u0131 aylar\u0131nda rahats\u0131z edici durum ortaya \u00e7\u0131karmas\u0131 da cabas\u0131. Bunun \u00f6n\u00fcne ge\u00e7ebilmek i\u00e7in ise [&hellip;]","og_url":"https:\/\/www.zekpen.com\/index.php\/hizmetlerimiz\/plise-sineklik","og_site_name":"ZEKPEN Al\u00fcminyum Do\u011frama ve PVC Sistemleri","article_modified_time":"2020-01-11T16:11:27+00:00","twitter_card":"summary_large_image","twitter_misc":{"Tahmini okuma s\u00fcresi":"2 dakika"},"schema":{"@context":"https:\/\/schema.org","@graph":[{"@type":"WebSite","@id":"https:\/\/www.zekpen.com\/#website","url":"https:\/\/www.zekpen.com\/","name":"ZEKPEN Al\u00fcminyum Do\u011frama ve PVC Sistemleri","description":"gebze, dar\u0131ca, cam balkon, pimapen, al\u00fcminyum, pencere, plise, sineklik","potentialAction":[{"@type":"SearchAction","target":{"@type":"EntryPoint","urlTemplate":"https:\/\/www.zekpen.com\/?s={search_term_string}"},"query-input":"required name=search_term_string"}],"inLanguage":"tr"},{"@type":"WebPage","@id":"https:\/\/www.zekpen.com\/index.php\/hizmetlerimiz\/plise-sineklik#webpage","url":"https:\/\/www.zekpen.com\/index.php\/hizmetlerimiz\/plise-sineklik","name":"Plise Sineklik - ZEKPEN Al\u00fcminyum Do\u011frama ve PVC Sistemleri","isPartOf":{"@id":"https:\/\/www.zekpen.com\/#website"},"datePublished":"2020-01-08T18:46:08+00:00","dateModified":"2020-01-11T16:11:27+00:00","breadcrumb":{"@id":"https:\/\/www.zekpen.com\/index.php\/hizmetlerimiz\/plise-sineklik#breadcrumb"},"inLanguage":"tr","potentialAction":[{"@type":"ReadAction","target":["https:\/\/www.zekpen.com\/index.php\/hizmetlerimiz\/plise-sineklik"]}]},{"@type":"BreadcrumbList","@id":"https:\/\/www.zekpen.com\/index.php\/hizmetlerimiz\/plise-sineklik#breadcrumb","itemListElement":[{"@type":"ListItem","position":1,"name":"Hizmetlerimiz","item":"https:\/\/www.zekpen.com\/index.php\/hizmetlerimiz"},{"@type":"ListItem","position":2,"name":"Plise Sineklik"}]}]}},"_links":{"self":[{"href":"https:\/\/www.zekpen.com\/index.php\/wp-json\/wp\/v2\/pages\/487"}],"collection":[{"href":"https:\/\/www.zekpen.com\/index.php\/wp-json\/wp\/v2\/pages"}],"about":[{"href":"https:\/\/www.zekpen.com\/index.php\/wp-json\/wp\/v2\/types\/page"}],"author":[{"embeddable":true,"href":"https:\/\/www.zekpen.com\/index.php\/wp-json\/wp\/v2\/users\/1"}],"replies":[{"embeddable":true,"href":"https:\/\/www.zekpen.com\/index.php\/wp-json\/wp\/v2\/comments?post=487"}],"version-history":[{"count":6,"href":"https:\/\/www.zekpen.com\/index.php\/wp-json\/wp\/v2\/pages\/487\/revisions"}],"predecessor-version":[{"id":491,"href":"https:\/\/www.zekpen.com\/index.php\/wp-json\/wp\/v2\/pages\/487\/revisions\/491"}],"up":[{"embeddable":true,"href":"https:\/\/www.zekpen.com\/index.php\/wp-json\/wp\/v2\/pages\/452"}],"wp:attachment":[{"href":"https:\/\/www.zekpen.com\/index.php\/wp-json\/wp\/v2\/media?parent=487"}],"curies":[{"name":"wp","href":"https:\/\/api.w.org\/{rel}","templated":true}]}}