{"id":452,"date":"2019-12-30T21:12:31","date_gmt":"2019-12-30T18:12:31","guid":{"rendered":"http:\/\/zekpen.com\/?page_id=452"},"modified":"2020-01-11T19:09:32","modified_gmt":"2020-01-11T16:09:32","slug":"hizmetlerimiz","status":"publish","type":"page","link":"https:\/\/www.zekpen.com\/index.php\/hizmetlerimiz","title":{"rendered":"Hizmetlerimiz"},"content":{"rendered":"","protected":false},"excerpt":{"rendered":"","protected":false},"author":1,"featured_media":0,"parent":0,"menu_order":0,"comment_status":"closed","ping_status":"closed","template":"","meta":{"ngg_post_thumbnail":0,"footnotes":""},"yoast_head":"<!-- This site is optimized with the Yoast SEO plugin v19.1 - https:\/\/yoast.com\/wordpress\/plugins\/seo\/ -->\r\n<title>Hizmetlerimiz - ZEKPEN Al\u00fcminyum Do\u011frama ve PVC Sistemleri<\/title>\r\n<meta name=\"robots\" content=\"index, follow, max-snippet:-1, max-image-preview:large, max-video-preview:-1\" \/>\r\n<link rel=\"canonical\" href=\"https:\/\/www.zekpen.com\/index.php\/hizmetlerimiz\" \/>\r\n<meta property=\"og:locale\" content=\"tr_TR\" \/>\r\n<meta property=\"og:type\" content=\"article\" \/>\r\n<meta property=\"og:title\" content=\"Hizmetlerimiz - ZEKPEN Al\u00fcminyum Do\u011frama ve PVC Sistemleri\" \/>\r\n<meta property=\"og:url\" content=\"https:\/\/www.zekpen.com\/index.php\/hizmetlerimiz\" \/>\r\n<meta property=\"og:site_name\" content=\"ZEKPEN Al\u00fcminyum Do\u011frama ve PVC Sistemleri\" \/>\r\n<meta property=\"article:modified_time\" content=\"2020-01-11T16:09:32+00:00\" \/>\r\n<meta name=\"twitter:card\" content=\"summary_large_image\" \/>\r\n<script type=\"application\/ld+json\" class=\"yoast-schema-graph\">{\"@context\":\"https:\/\/schema.org\",\"@graph\":[{\"@type\":\"WebSite\",\"@id\":\"https:\/\/www.zekpen.com\/#website\",\"url\":\"https:\/\/www.zekpen.com\/\",\"name\":\"ZEKPEN Al\u00fcminyum Do\u011frama ve PVC Sistemleri\",\"description\":\"gebze, dar\u0131ca, cam balkon, pimapen, al\u00fcminyum, pencere, plise, sineklik\",\"potentialAction\":[{\"@type\":\"SearchAction\",\"target\":{\"@type\":\"EntryPoint\",\"urlTemplate\":\"https:\/\/www.zekpen.com\/?s={search_term_string}\"},\"query-input\":\"required name=search_term_string\"}],\"inLanguage\":\"tr\"},{\"@type\":\"WebPage\",\"@id\":\"https:\/\/www.zekpen.com\/index.php\/hizmetlerimiz#webpage\",\"url\":\"https:\/\/www.zekpen.com\/index.php\/hizmetlerimiz\",\"name\":\"Hizmetlerimiz - ZEKPEN Al\u00fcminyum Do\u011frama ve PVC Sistemleri\",\"isPartOf\":{\"@id\":\"https:\/\/www.zekpen.com\/#website\"},\"datePublished\":\"2019-12-30T18:12:31+00:00\",\"dateModified\":\"2020-01-11T16:09:32+00:00\",\"breadcrumb\":{\"@id\":\"https:\/\/www.zekpen.com\/index.php\/hizmetlerimiz#breadcrumb\"},\"inLanguage\":\"tr\",\"potentialAction\":[{\"@type\":\"ReadAction\",\"target\":[\"https:\/\/www.zekpen.com\/index.php\/hizmetlerimiz\"]}]},{\"@type\":\"BreadcrumbList\",\"@id\":\"https:\/\/www.zekpen.com\/index.php\/hizmetlerimiz#breadcrumb\",\"itemListElement\":[{\"@type\":\"ListItem\",\"position\":1,\"name\":\"Hizmetlerimiz\"}]}]}<\/script>\r\n<!-- \/ Yoast SEO plugin. -->","yoast_head_json":{"title":"Hizmetlerimiz - ZEKPEN Al\u00fcminyum Do\u011frama ve PVC Sistemleri","robots":{"index":"index","follow":"follow","max-snippet":"max-snippet:-1","max-image-preview":"max-image-preview:large","max-video-preview":"max-video-preview:-1"},"canonical":"https:\/\/www.zekpen.com\/index.php\/hizmetlerimiz","og_locale":"tr_TR","og_type":"article","og_title":"Hizmetlerimiz - ZEKPEN Al\u00fcminyum Do\u011frama ve PVC Sistemleri","og_url":"https:\/\/www.zekpen.com\/index.php\/hizmetlerimiz","og_site_name":"ZEKPEN Al\u00fcminyum Do\u011frama ve PVC Sistemleri","article_modified_time":"2020-01-11T16:09:32+00:00","twitter_card":"summary_large_image","schema":{"@context":"https:\/\/schema.org","@graph":[{"@type":"WebSite","@id":"https:\/\/www.zekpen.com\/#website","url":"https:\/\/www.zekpen.com\/","name":"ZEKPEN Al\u00fcminyum Do\u011frama ve PVC Sistemleri","description":"gebze, dar\u0131ca, cam balkon, pimapen, al\u00fcminyum, pencere, plise, sineklik","potentialAction":[{"@type":"SearchAction","target":{"@type":"EntryPoint","urlTemplate":"https:\/\/www.zekpen.com\/?s={search_term_string}"},"query-input":"required name=search_term_string"}],"inLanguage":"tr"},{"@type":"WebPage","@id":"https:\/\/www.zekpen.com\/index.php\/hizmetlerimiz#webpage","url":"https:\/\/www.zekpen.com\/index.php\/hizmetlerimiz","name":"Hizmetlerimiz - ZEKPEN Al\u00fcminyum Do\u011frama ve PVC Sistemleri","isPartOf":{"@id":"https:\/\/www.zekpen.com\/#website"},"datePublished":"2019-12-30T18:12:31+00:00","dateModified":"2020-01-11T16:09:32+00:00","breadcrumb":{"@id":"https:\/\/www.zekpen.com\/index.php\/hizmetlerimiz#breadcrumb"},"inLanguage":"tr","potentialAction":[{"@type":"ReadAction","target":["https:\/\/www.zekpen.com\/index.php\/hizmetlerimiz"]}]},{"@type":"BreadcrumbList","@id":"https:\/\/www.zekpen.com\/index.php\/hizmetlerimiz#breadcrumb","itemListElement":[{"@type":"ListItem","position":1,"name":"Hizmetlerimiz"}]}]}},"_links":{"self":[{"href":"https:\/\/www.zekpen.com\/index.php\/wp-json\/wp\/v2\/pages\/452"}],"collection":[{"href":"https:\/\/www.zekpen.com\/index.php\/wp-json\/wp\/v2\/pages"}],"about":[{"href":"https:\/\/www.zekpen.com\/index.php\/wp-json\/wp\/v2\/types\/page"}],"author":[{"embeddable":true,"href":"https:\/\/www.zekpen.com\/index.php\/wp-json\/wp\/v2\/users\/1"}],"replies":[{"embeddable":true,"href":"https:\/\/www.zekpen.com\/index.php\/wp-json\/wp\/v2\/comments?post=452"}],"version-history":[{"count":1,"href":"https:\/\/www.zekpen.com\/index.php\/wp-json\/wp\/v2\/pages\/452\/revisions"}],"predecessor-version":[{"id":453,"href":"https:\/\/www.zekpen.com\/index.php\/wp-json\/wp\/v2\/pages\/452\/revisions\/453"}],"wp:attachment":[{"href":"https:\/\/www.zekpen.com\/index.php\/wp-json\/wp\/v2\/media?parent=452"}],"curies":[{"name":"wp","href":"https:\/\/api.w.org\/{rel}","templated":true}]}}