{"id":418,"date":"2019-12-30T20:59:10","date_gmt":"2019-12-30T17:59:10","guid":{"rendered":"http:\/\/zekpen.com\/?page_id=418"},"modified":"2020-03-15T14:41:59","modified_gmt":"2020-03-15T11:41:59","slug":"kurumsal","status":"publish","type":"page","link":"https:\/\/www.zekpen.com\/index.php\/kurumsal","title":{"rendered":"Kurumsal"},"content":{"rendered":"<div class=\"tm-element-heading-wrapper tm-heading-inner tm-element-align-left tm-seperator-center_icon tm-heading-style-vertical \">\n<section class=\"tm-vc_cta3-container\">\n<div class=\"tm-vc_general tm-vc_cta3 tm-cta3-only tm-vc_cta3-style-classic tm-vc_cta3-shape-rounded tm-vc_cta3-align-left tm-vc_cta3-color-transparent tm-vc_cta3-icon-size-md tm-vc_cta3-actions-no tm-cta3-with-desc\">\n<div class=\"tm-vc_cta3_content-container\">\n<div class=\"tm-vc_cta3-content\">\n<div class=\"tm-cta3-content-wrapper\">\n<p><strong><em>Fark\u0131m\u0131z\u0131 yapt\u0131\u011f\u0131m\u0131z i\u015flerde g\u00f6receksiniz\u2026<\/em><\/strong><\/p>\n<\/div>\n<\/div>\n<\/div>\n<\/div>\n<\/section>\n<\/div>\n<div class=\"wpb_text_column wpb_content_element \">\n<div class=\"wpb_wrapper\">\n<div class=\"tm-element-heading-wrapper tm-heading-inner tm-element-align-left tm-seperator-none tm-heading-style-vertical \">\n<section class=\"tm-vc_cta3-container\">\n<div class=\"tm-vc_general tm-vc_cta3 tm-cta3-only tm-vc_cta3-style-classic tm-vc_cta3-shape-rounded tm-vc_cta3-align-left tm-vc_cta3-color-transparent tm-vc_cta3-icon-size-md tm-vc_cta3-actions-no tm-cta3-with-desc\">\n<div class=\"tm-vc_cta3_content-container\">\n<div class=\"tm-vc_cta3-content\">\n<div class=\"tm-cta3-content-wrapper\">\n<p><img loading=\"lazy\" decoding=\"async\" class=\"wp-image-405 alignleft\" src=\"http:\/\/zekpen.com\/wp-content\/uploads\/2019\/12\/favicon.png\" alt=\"\" width=\"90\" height=\"99\"><\/p>\n<p>Sekt\u00f6rdeki 20 y\u0131ll\u0131 a\u015fk\u0131n tecr\u00fcbemiz ve bilgi birikimimiz ile sizlere daima en kaliteli hizmet ve estetik \u00fcr\u00fcnler sunmak i\u00e7in elimizden gelenin en iyisini yapmaya \u00e7al\u0131\u015f\u0131yoruz.<\/p>\n<p>Merkezi Gebze ve Dar\u0131ca&#8217;da Bulunan Al\u00fcminyum do\u011frama at\u00f6lyemiz ile m\u00fc\u015fterilerimize kalite anlay\u0131\u015f\u0131m\u0131z ile hizmet vermekteyiz.<\/p>\n<\/div>\n<\/div>\n<\/div>\n<\/div>\n<\/section>\n<\/div>\n<div class=\"wpb_text_column wpb_content_element \">\n<div class=\"wpb_wrapper\">\n<p>Ev ya da i\u015f yeri mi yapt\u0131racaks\u0131n\u0131z? Evinizin ya da i\u015f yerinizin tadilata m\u0131 ihtiyac\u0131 var? O zaman hemen bizi aray\u0131n. \u0130n\u015faat sekt\u00f6r\u00fcnde ihtiya\u00e7 duydu\u011funuz \u00fcr\u00fcn ve hizmetlerin t\u00fcm\u00fcn\u00fc firmam\u0131zdan sa\u011flayabilirsiniz. Dar\u0131ca\u2019da faaliyet g\u00f6steren firmam\u0131z sekt\u00f6r\u00fcn sayg\u0131n kurulu\u015flar\u0131 aras\u0131ndad\u0131r.&nbsp;&nbsp;<\/p>\n<\/div>\n<h4 class=\"icon-box-title m-0 mb-5\"><span style=\"color: #cc0000;\">Misyonumuz<\/span><\/h4>\n<p class=\"text-gray mb-5\">Sekt\u00f6rdeki t\u00fcm global yenilik ve teknik geli\u015fmelerin takip\u00e7isi olmay\u0131, ayn\u0131 zamanda bu geli\u015fmelerin uygulay\u0131c\u0131s\u0131 ve \u00f6nc\u00fcs\u00fc olmay\u0131 kendimize misyon edindik. M\u00fc\u015fteri memnuniyetine, kaliteye ve ba\u015far\u0131ya odakl\u0131 bu ilkelerimiz do\u011frultusunda ticari hayat\u0131m\u0131za devam ederken taviz vermeyece\u011fimiz.<\/p>\n<\/div>\n<h4 class=\"icon-box-title m-0 mb-5\"><span style=\"color: #cc0000;\">Vizyonumuz<\/span><\/h4>\n<p class=\"text-gray mb-5\">Gebze Dar\u0131ca \u0130stanbul ve T\u00fcrkiye&#8217;de Al\u00fcminyum Do\u011frama denilince akla gelen ilk firma olmay\u0131, bu hedefini ger\u00e7ekle\u015ftirirken de misyonundan ve ticari ilkelerinden taviz vermemeyi kendisine vizyon edinmi\u015ftir. Kuruldu\u011fu g\u00fcnden bu yana ge\u00e7en k\u0131sa s\u00fcrede kat etti\u011fi yol firmam\u0131z\u0131n vizyonuna ad\u0131m ad\u0131m yakla\u015ft\u0131\u011f\u0131n\u0131 do\u011frulamaktad\u0131r.<\/p>\n<h4 class=\"icon-box-title m-0 mb-5\"><span style=\"color: #cc0000;\">Kalite Politikam\u0131z<\/span><\/h4>\n<p class=\"text-gray mb-5\">M\u00fc\u015fterilerimize sundu\u011fumuz gerek hizmet gerekse \u00fcr\u00fcnlerimiz hizmet alan\u0131na g\u00f6re do\u011fu \u00fcr\u00fcn\u00fc kullanmay\u0131, do\u011fru \u00fcr\u00fcn\u00fcn en uygun fiyat ile kaliteden \u00f6d\u00fcn vermeden m\u00fc\u015fterilerimize sunarak hizmet vereze\u011fiz, S\u00fcre\u00e7lerimizin performans\u0131n\u0131 sistematik olarak \u00f6l\u00e7\u00fcmleyerek, s\u00fcrekli iyile\u015ftirme sa\u011flamak, S\u00fcre\u00e7lerimizi kabul g\u00f6rm\u00fc\u015f standartlar do\u011frultusunda yap\u0131land\u0131rarak, verimlili\u011fi, \u00fcretimi en \u00fcst d\u00fczeye ta\u015f\u0131yarak hizmet verme ve \u00e7al\u0131\u015fanlar\u0131n\u0131n bir par\u00e7as\u0131 olmaktan mutluluk ve gurur duydu\u011fu, lider bir \u015firket olmak.<\/p>\n<\/div>\n<\/div>\n","protected":false},"excerpt":{"rendered":"<p>Fark\u0131m\u0131z\u0131 yapt\u0131\u011f\u0131m\u0131z i\u015flerde g\u00f6receksiniz\u2026 Sekt\u00f6rdeki 20 y\u0131ll\u0131 a\u015fk\u0131n tecr\u00fcbemiz ve bilgi birikimimiz ile sizlere daima en kaliteli hizmet ve estetik \u00fcr\u00fcnler sunmak i\u00e7in elimizden gelenin en iyisini yapmaya \u00e7al\u0131\u015f\u0131yoruz. Merkezi Gebze ve Dar\u0131ca&#8217;da Bulunan Al\u00fcminyum do\u011frama at\u00f6lyemiz ile m\u00fc\u015fterilerimize kalite anlay\u0131\u015f\u0131m\u0131z ile hizmet vermekteyiz. Ev ya da i\u015f yeri mi yapt\u0131racaks\u0131n\u0131z? Evinizin ya da i\u015f [&hellip;]<\/p>\n","protected":false},"author":1,"featured_media":0,"parent":0,"menu_order":0,"comment_status":"closed","ping_status":"closed","template":"","meta":{"ngg_post_thumbnail":0,"footnotes":""},"yoast_head":"<!-- This site is optimized with the Yoast SEO plugin v19.1 - https:\/\/yoast.com\/wordpress\/plugins\/seo\/ -->\r\n<title>Kurumsal - ZEKPEN Al\u00fcminyum Do\u011frama ve PVC Sistemleri<\/title>\r\n<meta name=\"robots\" content=\"index, follow, max-snippet:-1, max-image-preview:large, max-video-preview:-1\" \/>\r\n<link rel=\"canonical\" href=\"https:\/\/www.zekpen.com\/index.php\/kurumsal\" \/>\r\n<meta property=\"og:locale\" content=\"tr_TR\" \/>\r\n<meta property=\"og:type\" content=\"article\" \/>\r\n<meta property=\"og:title\" content=\"Kurumsal - ZEKPEN Al\u00fcminyum Do\u011frama ve PVC Sistemleri\" \/>\r\n<meta property=\"og:description\" content=\"Fark\u0131m\u0131z\u0131 yapt\u0131\u011f\u0131m\u0131z i\u015flerde g\u00f6receksiniz\u2026 Sekt\u00f6rdeki 20 y\u0131ll\u0131 a\u015fk\u0131n tecr\u00fcbemiz ve bilgi birikimimiz ile sizlere daima en kaliteli hizmet ve estetik \u00fcr\u00fcnler sunmak i\u00e7in elimizden gelenin en iyisini yapmaya \u00e7al\u0131\u015f\u0131yoruz. Merkezi Gebze ve Dar\u0131ca&#8217;da Bulunan Al\u00fcminyum do\u011frama at\u00f6lyemiz ile m\u00fc\u015fterilerimize kalite anlay\u0131\u015f\u0131m\u0131z ile hizmet vermekteyiz. Ev ya da i\u015f yeri mi yapt\u0131racaks\u0131n\u0131z? Evinizin ya da i\u015f [&hellip;]\" \/>\r\n<meta property=\"og:url\" content=\"https:\/\/www.zekpen.com\/index.php\/kurumsal\" \/>\r\n<meta property=\"og:site_name\" content=\"ZEKPEN Al\u00fcminyum Do\u011frama ve PVC Sistemleri\" \/>\r\n<meta property=\"article:modified_time\" content=\"2020-03-15T11:41:59+00:00\" \/>\r\n<meta property=\"og:image\" content=\"http:\/\/zekpen.com\/wp-content\/uploads\/2019\/12\/favicon.png\" \/>\r\n<meta name=\"twitter:card\" content=\"summary_large_image\" \/>\r\n<meta name=\"twitter:label1\" content=\"Tahmini okuma s\u00fcresi\" \/>\n\t<meta name=\"twitter:data1\" content=\"2 dakika\" \/>\r\n<script type=\"application\/ld+json\" class=\"yoast-schema-graph\">{\"@context\":\"https:\/\/schema.org\",\"@graph\":[{\"@type\":\"WebSite\",\"@id\":\"https:\/\/www.zekpen.com\/#website\",\"url\":\"https:\/\/www.zekpen.com\/\",\"name\":\"ZEKPEN Al\u00fcminyum Do\u011frama ve PVC Sistemleri\",\"description\":\"gebze, dar\u0131ca, cam balkon, pimapen, al\u00fcminyum, pencere, plise, sineklik\",\"potentialAction\":[{\"@type\":\"SearchAction\",\"target\":{\"@type\":\"EntryPoint\",\"urlTemplate\":\"https:\/\/www.zekpen.com\/?s={search_term_string}\"},\"query-input\":\"required name=search_term_string\"}],\"inLanguage\":\"tr\"},{\"@type\":\"ImageObject\",\"inLanguage\":\"tr\",\"@id\":\"https:\/\/www.zekpen.com\/index.php\/kurumsal#primaryimage\",\"url\":\"http:\/\/zekpen.com\/wp-content\/uploads\/2019\/12\/favicon.png\",\"contentUrl\":\"http:\/\/zekpen.com\/wp-content\/uploads\/2019\/12\/favicon.png\"},{\"@type\":\"WebPage\",\"@id\":\"https:\/\/www.zekpen.com\/index.php\/kurumsal#webpage\",\"url\":\"https:\/\/www.zekpen.com\/index.php\/kurumsal\",\"name\":\"Kurumsal - ZEKPEN Al\u00fcminyum Do\u011frama ve PVC Sistemleri\",\"isPartOf\":{\"@id\":\"https:\/\/www.zekpen.com\/#website\"},\"primaryImageOfPage\":{\"@id\":\"https:\/\/www.zekpen.com\/index.php\/kurumsal#primaryimage\"},\"datePublished\":\"2019-12-30T17:59:10+00:00\",\"dateModified\":\"2020-03-15T11:41:59+00:00\",\"breadcrumb\":{\"@id\":\"https:\/\/www.zekpen.com\/index.php\/kurumsal#breadcrumb\"},\"inLanguage\":\"tr\",\"potentialAction\":[{\"@type\":\"ReadAction\",\"target\":[\"https:\/\/www.zekpen.com\/index.php\/kurumsal\"]}]},{\"@type\":\"BreadcrumbList\",\"@id\":\"https:\/\/www.zekpen.com\/index.php\/kurumsal#breadcrumb\",\"itemListElement\":[{\"@type\":\"ListItem\",\"position\":1,\"name\":\"Kurumsal\"}]}]}<\/script>\r\n<!-- \/ Yoast SEO plugin. -->","yoast_head_json":{"title":"Kurumsal - ZEKPEN Al\u00fcminyum Do\u011frama ve PVC Sistemleri","robots":{"index":"index","follow":"follow","max-snippet":"max-snippet:-1","max-image-preview":"max-image-preview:large","max-video-preview":"max-video-preview:-1"},"canonical":"https:\/\/www.zekpen.com\/index.php\/kurumsal","og_locale":"tr_TR","og_type":"article","og_title":"Kurumsal - ZEKPEN Al\u00fcminyum Do\u011frama ve PVC Sistemleri","og_description":"Fark\u0131m\u0131z\u0131 yapt\u0131\u011f\u0131m\u0131z i\u015flerde g\u00f6receksiniz\u2026 Sekt\u00f6rdeki 20 y\u0131ll\u0131 a\u015fk\u0131n tecr\u00fcbemiz ve bilgi birikimimiz ile sizlere daima en kaliteli hizmet ve estetik \u00fcr\u00fcnler sunmak i\u00e7in elimizden gelenin en iyisini yapmaya \u00e7al\u0131\u015f\u0131yoruz. Merkezi Gebze ve Dar\u0131ca&#8217;da Bulunan Al\u00fcminyum do\u011frama at\u00f6lyemiz ile m\u00fc\u015fterilerimize kalite anlay\u0131\u015f\u0131m\u0131z ile hizmet vermekteyiz. Ev ya da i\u015f yeri mi yapt\u0131racaks\u0131n\u0131z? Evinizin ya da i\u015f [&hellip;]","og_url":"https:\/\/www.zekpen.com\/index.php\/kurumsal","og_site_name":"ZEKPEN Al\u00fcminyum Do\u011frama ve PVC Sistemleri","article_modified_time":"2020-03-15T11:41:59+00:00","og_image":[{"url":"http:\/\/zekpen.com\/wp-content\/uploads\/2019\/12\/favicon.png"}],"twitter_card":"summary_large_image","twitter_misc":{"Tahmini okuma s\u00fcresi":"2 dakika"},"schema":{"@context":"https:\/\/schema.org","@graph":[{"@type":"WebSite","@id":"https:\/\/www.zekpen.com\/#website","url":"https:\/\/www.zekpen.com\/","name":"ZEKPEN Al\u00fcminyum Do\u011frama ve PVC Sistemleri","description":"gebze, dar\u0131ca, cam balkon, pimapen, al\u00fcminyum, pencere, plise, sineklik","potentialAction":[{"@type":"SearchAction","target":{"@type":"EntryPoint","urlTemplate":"https:\/\/www.zekpen.com\/?s={search_term_string}"},"query-input":"required name=search_term_string"}],"inLanguage":"tr"},{"@type":"ImageObject","inLanguage":"tr","@id":"https:\/\/www.zekpen.com\/index.php\/kurumsal#primaryimage","url":"http:\/\/zekpen.com\/wp-content\/uploads\/2019\/12\/favicon.png","contentUrl":"http:\/\/zekpen.com\/wp-content\/uploads\/2019\/12\/favicon.png"},{"@type":"WebPage","@id":"https:\/\/www.zekpen.com\/index.php\/kurumsal#webpage","url":"https:\/\/www.zekpen.com\/index.php\/kurumsal","name":"Kurumsal - ZEKPEN Al\u00fcminyum Do\u011frama ve PVC Sistemleri","isPartOf":{"@id":"https:\/\/www.zekpen.com\/#website"},"primaryImageOfPage":{"@id":"https:\/\/www.zekpen.com\/index.php\/kurumsal#primaryimage"},"datePublished":"2019-12-30T17:59:10+00:00","dateModified":"2020-03-15T11:41:59+00:00","breadcrumb":{"@id":"https:\/\/www.zekpen.com\/index.php\/kurumsal#breadcrumb"},"inLanguage":"tr","potentialAction":[{"@type":"ReadAction","target":["https:\/\/www.zekpen.com\/index.php\/kurumsal"]}]},{"@type":"BreadcrumbList","@id":"https:\/\/www.zekpen.com\/index.php\/kurumsal#breadcrumb","itemListElement":[{"@type":"ListItem","position":1,"name":"Kurumsal"}]}]}},"_links":{"self":[{"href":"https:\/\/www.zekpen.com\/index.php\/wp-json\/wp\/v2\/pages\/418"}],"collection":[{"href":"https:\/\/www.zekpen.com\/index.php\/wp-json\/wp\/v2\/pages"}],"about":[{"href":"https:\/\/www.zekpen.com\/index.php\/wp-json\/wp\/v2\/types\/page"}],"author":[{"embeddable":true,"href":"https:\/\/www.zekpen.com\/index.php\/wp-json\/wp\/v2\/users\/1"}],"replies":[{"embeddable":true,"href":"https:\/\/www.zekpen.com\/index.php\/wp-json\/wp\/v2\/comments?post=418"}],"version-history":[{"count":4,"href":"https:\/\/www.zekpen.com\/index.php\/wp-json\/wp\/v2\/pages\/418\/revisions"}],"predecessor-version":[{"id":548,"href":"https:\/\/www.zekpen.com\/index.php\/wp-json\/wp\/v2\/pages\/418\/revisions\/548"}],"wp:attachment":[{"href":"https:\/\/www.zekpen.com\/index.php\/wp-json\/wp\/v2\/media?parent=418"}],"curies":[{"name":"wp","href":"https:\/\/api.w.org\/{rel}","templated":true}]}}